{"id":19,"date":"2024-12-16T13:04:34","date_gmt":"2024-12-16T13:04:34","guid":{"rendered":"https:\/\/myraoptika.hu\/?page_id=19"},"modified":"2024-12-21T18:51:22","modified_gmt":"2024-12-21T18:51:22","slug":"szemuveglencsek","status":"publish","type":"page","link":"https:\/\/myraoptika.hu\/index.php\/szemuveglencsek\/","title":{"rendered":"SZEM\u00dcVEGLENCS\u00c9K"},"content":{"rendered":"<p style=\"text-align: justify;\">\u00dczlet\u00fcnk elk\u00f6telezett, az ig\u00e9nyes \u00e9s a min\u0151s\u00e9gi szem\u00fcveglencs\u00e9k forgalmaz\u00e1sa mellett, ez\u00e9rt a\u00a0\u00a0<strong>HOYA<\/strong> pr\u00e9mium kateg\u00f3ri\u00e1j\u00fa lencs\u00e9it r\u00e9szes\u00edtj\u00fck el\u0151nyben. Term\u00e9szetesen minden esetben igyeksz\u00fcnk, a v\u00e1s\u00e1rl\u00f3ink elv\u00e1s\u00e1rainak megfelelni. Ezen k\u00edv\u00fcl \u2013 saj\u00e1t beszerz\u00e9sb\u0151l is \u2013 a piaci \u00e1tlagt\u00f3l 40-50%-kal kedvez\u0151bb \u00e1ron k\u00edn\u00e1lunk pr\u00e9mium kateg\u00f3ri\u00e1s v\u00e9kony\u00edtott szem\u00fcveglencs\u00e9t.<\/p>\n","protected":false},"excerpt":{"rendered":"<p>\u00dczlet\u00fcnk elk\u00f6telezett, az ig\u00e9nyes \u00e9s a min\u0151s\u00e9gi szem\u00fcveglencs\u00e9k forgalmaz\u00e1sa mellett, ez\u00e9rt a\u00a0\u00a0HOYA pr\u00e9mium kateg\u00f3ri\u00e1j\u00fa lencs\u00e9it r\u00e9szes\u00edtj\u00fck el\u0151nyben. Term\u00e9szetesen minden esetben<\/p>\n","protected":false},"author":1,"featured_media":0,"parent":0,"menu_order":0,"comment_status":"closed","ping_status":"closed","template":"","meta":{"footnotes":""},"class_list":["post-19","page","type-page","status-publish","hentry"],"_links":{"self":[{"href":"https:\/\/myraoptika.hu\/index.php\/wp-json\/wp\/v2\/pages\/19","targetHints":{"allow":["GET"]}}],"collection":[{"href":"https:\/\/myraoptika.hu\/index.php\/wp-json\/wp\/v2\/pages"}],"about":[{"href":"https:\/\/myraoptika.hu\/index.php\/wp-json\/wp\/v2\/types\/page"}],"author":[{"embeddable":true,"href":"https:\/\/myraoptika.hu\/index.php\/wp-json\/wp\/v2\/users\/1"}],"replies":[{"embeddable":true,"href":"https:\/\/myraoptika.hu\/index.php\/wp-json\/wp\/v2\/comments?post=19"}],"version-history":[{"count":3,"href":"https:\/\/myraoptika.hu\/index.php\/wp-json\/wp\/v2\/pages\/19\/revisions"}],"predecessor-version":[{"id":117,"href":"https:\/\/myraoptika.hu\/index.php\/wp-json\/wp\/v2\/pages\/19\/revisions\/117"}],"wp:attachment":[{"href":"https:\/\/myraoptika.hu\/index.php\/wp-json\/wp\/v2\/media?parent=19"}],"curies":[{"name":"wp","href":"https:\/\/api.w.org\/{rel}","templated":true}]}}