{"id":21,"date":"2024-12-16T13:04:49","date_gmt":"2024-12-16T13:04:49","guid":{"rendered":"https:\/\/myraoptika.hu\/?page_id=21"},"modified":"2024-12-21T19:02:50","modified_gmt":"2024-12-21T19:02:50","slug":"kontaktlencsek","status":"publish","type":"page","link":"https:\/\/myraoptika.hu\/index.php\/kontaktlencsek\/","title":{"rendered":"KONTAKTLENCS\u00c9K"},"content":{"rendered":"<p style=\"text-align: justify;\">SZEM\u00dcVEGE GYAKRAN LECS\u00daSZIK AZ ORR\u00c1R\u00d3L?<\/p>\n<p style=\"text-align: justify;\">ZAVARJA SPORTOL\u00c1SN\u00c1L?<\/p>\n<p style=\"text-align: justify;\">SZERETN\u00c9 NY\u00c1RON VISELNI NAPSZEM\u00dcVEG\u00c9T , \u00daGY HOGY K\u00d6ZBEN L\u00c1SSON IS?<\/p>\n<p style=\"text-align: justify;\">Amennyiben b\u00e1rmelyik k\u00e9rd\u00e9sre igennel v\u00e1laszolt, akkor \u00d6nnek \u00e9rdemes megfontolnia a kontaktlencse visel\u00e9s\u00e9t. Kontaktlencse haszn\u00e1lata k\u00f6zben szinte mindenki megtapasztalhatja a\u00a0 szem\u00fcvegvisel\u00e9s korl\u00e1tai n\u00e9lk\u00fcli l\u00e1t\u00e1s szabads\u00e1g\u00e1t. A kontaktlencs\u00e9sek nagy r\u00e9sze a l\u00e1gy lencs\u00e9t visel\u0151k t\u00e1bor\u00e1t gazdag\u00edtj\u00e1k. \u00dczlet\u00fcnkben mi is a l\u00e1gy lencse illeszt\u00e9s\u00e9vel foglalkozunk.<\/p>\n<p style=\"text-align: justify;\">\u00a0MI A MENETE KONTAKTLENCSE KIPR\u00d3B\u00c1L\u00c1S\u00c1NAK?<\/p>\n<p style=\"text-align: justify;\">\u00a0-Telefonos bejelentkez\u00e9s, id\u0151pontegyeztet\u00e9s.<\/p>\n<p style=\"text-align: justify;\">-Pontos szem\u00fcveges \u00e9s kontaktlencs\u00e9s korrekci\u00f3 meghat\u00e1roz\u00e1sa.<\/p>\n<p style=\"text-align: justify;\">-Az \u00d6n ig\u00e9nyeinek \u00e9s a szeme anat\u00f3miai adotts\u00e1gainak legink\u00e1bb megfelel\u0151 pr\u00f3balencse kiv\u00e1laszt\u00e1sa \u00e9s illeszt\u00e9se.<\/p>\n<p style=\"text-align: justify;\">-Megtan\u00edtjuk a kontaktlencse megfelel\u0151 haszn\u00e1lat\u00e1ra, kezel\u00e9s\u00e9re.<\/p>\n<p style=\"text-align: justify;\">-Amennyiben siker\u00fclt elsaj\u00e1t\u00edtania az alkalmaz\u00e1s\u00e1t, m\u00e1r a lencs\u00e9ben t\u00e1vozhat \u00fczlet\u00fcnkb\u0151l.<\/p>\n<p style=\"text-align: justify;\">-Ezut\u00e1n az 1 illetve a 3 hetes kontroll k\u00f6vetkezik.<\/p>\n<p style=\"text-align: justify;\">\u00a0Nagyon fontos k\u00e9rd\u00e9s az illeszt\u00e9s el\u0151tt, hogy\u00a0milyen rendszeress\u00e9ggel\u00a0szeretne lencs\u00e9t hordani.<\/p>\n<p style=\"text-align: justify;\">VISEL\u00c9SI ID\u0150TARTAMUK ALAPJ\u00c1N A K\u00d6VETKEZ\u0150 LENCS\u00c9KET K\u00dcL\u00d6NB\u00d6ZTETJ\u00dcK MEG:<\/p>\n<p style=\"text-align: justify;\">NAPI LENCSE\u00a0(1dobozban 30db lencse, k\u00fcl\u00f6n csomagolva)<\/p>\n<p style=\"text-align: justify;\">Ha csak alkalmi jelleggel (sportol\u00e1s ,szabadid\u0151s tev\u00e9kenys\u00e9g), esetleg csak heti p\u00e1r alkalommal \u00a0szeretne lencs\u00e9t hordani, akkor a napi viselet\u0171 lencs\u00e9ket aj\u00e1nljuk. K\u00e9ts\u00e9gk\u00edv\u00fcl ez a t\u00edpus a leghigi\u00e9nikusabb \u00e9s ebben az esetben a leggazdas\u00e1gosabb viselet is egyben.<\/p>\n<p style=\"text-align: justify;\">HAVI LENCSE\u00a0(1db lencse 30 napig hordhat\u00f3, napi csere mellett)<\/p>\n<p style=\"text-align: justify;\">Ez a legelterjedtebb kontaktlencse fajta. Ezt azoknak aj\u00e1nljuk, akik ink\u00e1bb a kontaktlencs\u00e9t v\u00e1lasztan\u00e1k f\u0151 visel\u00e9si eszk\u00f6znek. Akik hajland\u00f3ak id\u0151t sz\u00e1nni a napi tiszt\u00edt\u00e1sra, valamint a lencse napi ki illetve bet\u00e9tel\u00e9re. DE fontos megjegyezn\u00fcnk, hogy nem szem\u00fcveg helyett, ugyanis a kett\u0151 nem z\u00e1rja ki egym\u00e1st! A szemnek, ill. a szaruh\u00e1rty\u00e1nak ugyanis pihen\u0151id\u0151ire is sz\u00fcks\u00e9ge van, heti rendszeress\u00e9ggel, a sz\u00f6v\u0151dm\u00e9nyek elker\u00fcl\u00e9se \u00e9rdek\u00e9ben.<\/p>\n<p style=\"text-align: justify;\">2 HETES LENCSE\u00a0(1db lencs\u00e9t 2 h\u00e9tig hordhat, napi csere mellett)<\/p>\n<p style=\"text-align: justify;\">A visel\u00e9s szab\u00e1lyai megegyeznek a havi lencs\u00e9j\u00e9vel, csak a lencse hordhat\u00e1si id\u0151tartama r\u00f6videbb, ez\u00e1ltal higi\u00e9nikusabb v\u00e1laszt\u00e1s is egyben.<\/p>\n<p style=\"text-align: justify;\">A KORREKCI\u00d3S HAT\u00c1SA ALAPJ\u00c1N MEGK\u00dcL\u00d6NB\u00d6ZTET\u00dcNK:<\/p>\n<p style=\"text-align: justify;\">-szf\u00e9rikus<\/p>\n<p style=\"text-align: justify;\">-t\u00f3rikus (asztigmatikus)<\/p>\n<p style=\"text-align: justify;\">-multifok\u00e1lis (t\u00f6bbf\u00f3kusz\u00fa)<\/p>\n<p style=\"text-align: justify;\">-valamint sz\u00ednes kontaktlencs\u00e9t<\/p>\n<p style=\"text-align: justify;\">\u00dczlet\u00fcnkben valamennyi t\u00edpus kipr\u00f3b\u00e1l\u00e1s\u00e1ra van lehet\u0151s\u00e9g.<\/p>\n<p style=\"text-align: justify;\">A K\u00d6VETKEZ\u0150 GY\u00c1RT\u00d3K LENCS\u00c9IT FORGALMAZZUK:<\/p>\n<p><img loading=\"lazy\" decoding=\"async\" class=\"alignnone wp-image-119 size-large\" src=\"https:\/\/myraoptika.hu\/wp-content\/uploads\/2024\/12\/lencse_gyartok-1024x59.png\" alt=\"\" width=\"800\" height=\"46\" srcset=\"https:\/\/myraoptika.hu\/wp-content\/uploads\/2024\/12\/lencse_gyartok-1024x59.png 1024w, https:\/\/myraoptika.hu\/wp-content\/uploads\/2024\/12\/lencse_gyartok-300x17.png 300w, https:\/\/myraoptika.hu\/wp-content\/uploads\/2024\/12\/lencse_gyartok-768x44.png 768w, https:\/\/myraoptika.hu\/wp-content\/uploads\/2024\/12\/lencse_gyartok-1536x88.png 1536w, https:\/\/myraoptika.hu\/wp-content\/uploads\/2024\/12\/lencse_gyartok-2048x117.png 2048w\" sizes=\"auto, (max-width: 800px) 100vw, 800px\" \/><\/p>\n<p>Amennyiben van m\u00e1r kontaktlencs\u00e9je \u00e9s el\u00e9gedett is vele,\u00a0de\u00a0szeretn\u00e9 elker\u00fclni a\u00a0 sz\u00f6v\u0151dm\u00e9nyeket, akkor az al\u00e1bbi fontos szab\u00e1lyokat \u00e9rdemes betartania.<\/p>\n<p>-ne aludjon a lencs\u00e9ben<\/p>\n<p>-tartsa be a tiszt\u00edt\u00e1ssal \u00e9s kezel\u00e9ssel kapcsolatos teend\u0151ket<\/p>\n<p>-ne hordja a visel\u00e9si id\u0151n t\u00fal<\/p>\n<p>NE HASZN\u00c1LJA A LENCS\u00c9T:<\/p>\n<p>-a fert\u0151z\u00e9sek elker\u00fcl\u00e9se \u00e9rdek\u00e9ben, sem term\u00e9szetes, sem mesters\u00e9ges v\u00edzben, \u00fasz\u00f3szem\u00fcveg n\u00e9lk\u00fcl<\/p>\n<p>-betegs\u00e9g ideje alatt<\/p>\n<p>-ha a lencse s\u00e9r\u00fclt, szakadt<\/p>\n<p>Ha a szeme bepirosodik, \u00e9g, sz\u00far a lencs\u00e9t t\u00e1vol\u00edtsa el a szem\u00e9b\u0151l \u00e9s forduljon szem\u00e9szhez.<\/p>\n","protected":false},"excerpt":{"rendered":"<p>SZEM\u00dcVEGE GYAKRAN LECS\u00daSZIK AZ ORR\u00c1R\u00d3L? ZAVARJA SPORTOL\u00c1SN\u00c1L? SZERETN\u00c9 NY\u00c1RON VISELNI NAPSZEM\u00dcVEG\u00c9T , \u00daGY HOGY K\u00d6ZBEN L\u00c1SSON IS? Amennyiben b\u00e1rmelyik k\u00e9rd\u00e9sre<\/p>\n","protected":false},"author":1,"featured_media":0,"parent":0,"menu_order":0,"comment_status":"closed","ping_status":"closed","template":"","meta":{"footnotes":""},"class_list":["post-21","page","type-page","status-publish","hentry"],"_links":{"self":[{"href":"https:\/\/myraoptika.hu\/index.php\/wp-json\/wp\/v2\/pages\/21","targetHints":{"allow":["GET"]}}],"collection":[{"href":"https:\/\/myraoptika.hu\/index.php\/wp-json\/wp\/v2\/pages"}],"about":[{"href":"https:\/\/myraoptika.hu\/index.php\/wp-json\/wp\/v2\/types\/page"}],"author":[{"embeddable":true,"href":"https:\/\/myraoptika.hu\/index.php\/wp-json\/wp\/v2\/users\/1"}],"replies":[{"embeddable":true,"href":"https:\/\/myraoptika.hu\/index.php\/wp-json\/wp\/v2\/comments?post=21"}],"version-history":[{"count":5,"href":"https:\/\/myraoptika.hu\/index.php\/wp-json\/wp\/v2\/pages\/21\/revisions"}],"predecessor-version":[{"id":122,"href":"https:\/\/myraoptika.hu\/index.php\/wp-json\/wp\/v2\/pages\/21\/revisions\/122"}],"wp:attachment":[{"href":"https:\/\/myraoptika.hu\/index.php\/wp-json\/wp\/v2\/media?parent=21"}],"curies":[{"name":"wp","href":"https:\/\/api.w.org\/{rel}","templated":true}]}}