{"id":23,"date":"2024-12-16T13:05:29","date_gmt":"2024-12-16T13:05:29","guid":{"rendered":"https:\/\/myraoptika.hu\/?page_id=23"},"modified":"2025-06-23T08:44:10","modified_gmt":"2025-06-23T08:44:10","slug":"szemvizsgalat","status":"publish","type":"page","link":"https:\/\/myraoptika.hu\/index.php\/szemvizsgalat\/","title":{"rendered":"SZEMVIZSG\u00c1LAT"},"content":{"rendered":"<h2 style=\"text-align: justify;\"><strong>Dr. G\u00e1sp\u00e1r Zsuzsa<\/strong><\/h2>\n<h4 style=\"text-align: justify;\"><strong>szem\u00e9sz szakorvos<\/strong><\/h4>\n<h4 style=\"text-align: justify;\">rendel\u00e9si id\u0151: h\u00e9tf\u0151, kedd, szerda 15:30-17:00 \u00f3r\u00e1ig<\/h4>\n<h2 style=\"text-align: justify;\"><strong>M\u00f3nus Krisztina<\/strong><\/h2>\n<h4 style=\"text-align: justify;\"><strong>okleveles optometrista szem\u00fcveg fel\u00edr\u00e1s, kontaktol\u00f3gia<\/strong><\/h4>\n<h4 style=\"text-align: justify;\">rendel\u00e9si id\u0151: cs\u00fct\u00f6rt\u00f6k: 10:00-17:00-ig (bejelentkez\u00e9s alapj\u00e1n)<\/h4>\n<h4 style=\"text-align: justify;\">A legmegfelel\u0151bb szem\u00fcveg elk\u00e9sz\u00edt\u00e9s\u00e9hez,\u00a0 mint az\u00a0<strong>objekt\u00edv<\/strong>( computeres) mint a\u00a0<strong>szubjekt\u00edv\u00a0<\/strong>l\u00e1t\u00e1svizsg\u00e1lat elv\u00e9gz\u00e9se elengedhetetlen. A vizsg\u00e1latok sor\u00e1n nagy hangs\u00falyt fektet\u00fcnk a szem eg\u00e9szs\u00e9gi \u00e1llapot\u00e1nak felm\u00e9r\u00e9s\u00e9re is. Vizsg\u00e1l\u00f3 berendez\u00e9seink seg\u00edts\u00e9g\u00e9vel teljesk\u00f6r\u0171 szemvizsg\u00e1latra van lehet\u0151s\u00e9g.<\/h4>\n","protected":false},"excerpt":{"rendered":"<p>Dr. G\u00e1sp\u00e1r Zsuzsa szem\u00e9sz szakorvos rendel\u00e9si id\u0151: h\u00e9tf\u0151, kedd, szerda 15:30-17:00 \u00f3r\u00e1ig M\u00f3nus Krisztina okleveles optometrista szem\u00fcveg fel\u00edr\u00e1s, kontaktol\u00f3gia rendel\u00e9si<\/p>\n","protected":false},"author":1,"featured_media":0,"parent":0,"menu_order":0,"comment_status":"closed","ping_status":"closed","template":"","meta":{"footnotes":""},"class_list":["post-23","page","type-page","status-publish","hentry"],"_links":{"self":[{"href":"https:\/\/myraoptika.hu\/index.php\/wp-json\/wp\/v2\/pages\/23","targetHints":{"allow":["GET"]}}],"collection":[{"href":"https:\/\/myraoptika.hu\/index.php\/wp-json\/wp\/v2\/pages"}],"about":[{"href":"https:\/\/myraoptika.hu\/index.php\/wp-json\/wp\/v2\/types\/page"}],"author":[{"embeddable":true,"href":"https:\/\/myraoptika.hu\/index.php\/wp-json\/wp\/v2\/users\/1"}],"replies":[{"embeddable":true,"href":"https:\/\/myraoptika.hu\/index.php\/wp-json\/wp\/v2\/comments?post=23"}],"version-history":[{"count":6,"href":"https:\/\/myraoptika.hu\/index.php\/wp-json\/wp\/v2\/pages\/23\/revisions"}],"predecessor-version":[{"id":208,"href":"https:\/\/myraoptika.hu\/index.php\/wp-json\/wp\/v2\/pages\/23\/revisions\/208"}],"wp:attachment":[{"href":"https:\/\/myraoptika.hu\/index.php\/wp-json\/wp\/v2\/media?parent=23"}],"curies":[{"name":"wp","href":"https:\/\/api.w.org\/{rel}","templated":true}]}}