{"id":25,"date":"2024-12-16T13:07:00","date_gmt":"2024-12-16T13:07:00","guid":{"rendered":"https:\/\/myraoptika.hu\/?page_id=25"},"modified":"2024-12-21T23:05:44","modified_gmt":"2024-12-21T23:05:44","slug":"elerhetoseg","status":"publish","type":"page","link":"https:\/\/myraoptika.hu\/index.php\/elerhetoseg\/","title":{"rendered":"EL\u00c9RHET\u0150S\u00c9G"},"content":{"rendered":"<p><img loading=\"lazy\" decoding=\"async\" class=\"aligncenter wp-image-89 size-full\" src=\"https:\/\/myraoptika.hu\/wp-content\/uploads\/2024\/12\/myra_logo.png\" alt=\"\" width=\"328\" height=\"86\" srcset=\"https:\/\/myraoptika.hu\/wp-content\/uploads\/2024\/12\/myra_logo.png 328w, https:\/\/myraoptika.hu\/wp-content\/uploads\/2024\/12\/myra_logo-300x79.png 300w\" sizes=\"auto, (max-width: 328px) 100vw, 328px\" \/><\/p>\n<h4 style=\"text-align: center;\">MYRA OPTIKA SZ\u00c9KESFEH\u00c9RV\u00c1R<\/h4>\n<h4 style=\"text-align: center;\">8000 SZ\u00c9KESFEH\u00c9RV\u00c1R, R\u00c1K\u00d3CZI \u00daT 14-16.<\/h4>\n<h4 style=\"text-align: center;\">NYITVATART\u00c1S:<br \/>H\u00e9tf\u0151t\u0151l p\u00e9ntekig 9:00-17:30-ig., Szombaton 9:00-12:00-ig.<\/h4>\n<h4 style=\"text-align: center;\">Telefon: +36 22 315 \u2013 729<\/h4>\n<h4 style=\"text-align: center;\">E-mail: myraoptika@myraoptika.hu<\/h4>\n<h3 style=\"text-align: center;\"><strong>EL\u00c9RHET\u0150S\u00c9G T\u00c9RK\u00c9PEN<\/strong><\/h3>\n\n\n<iframe src=\"https:\/\/www.google.com\/maps\/embed?pb=!1m18!1m12!1m3!1d2711.164562172253!2d18.4133508!3d47.193791499999996!2m3!1f0!2f0!3f0!3m2!1i1024!2i768!4f13.1!3m3!1m2!1s0x4769f7b1b20f4a23%3A0xf3c9f67142e500d!2sMyra%20Optika!5e0!3m2!1shu!2shu!4v1734808909391!5m2!1shu!2shu\" width=\"1000\" height=\"450\" style=\"border:0;\" allowfullscreen=\"\" loading=\"lazy\" referrerpolicy=\"no-referrer-when-downgrade\"><\/iframe>\n\n\n\n<p><\/p>\n","protected":false},"excerpt":{"rendered":"<p>MYRA OPTIKA SZ\u00c9KESFEH\u00c9RV\u00c1R 8000 SZ\u00c9KESFEH\u00c9RV\u00c1R, R\u00c1K\u00d3CZI \u00daT 14-16. NYITVATART\u00c1S:H\u00e9tf\u0151t\u0151l p\u00e9ntekig 9:00-17:30-ig., Szombaton 9:00-12:00-ig. Telefon: +36 22 315 \u2013 729 E-mail:<\/p>\n","protected":false},"author":1,"featured_media":0,"parent":0,"menu_order":0,"comment_status":"closed","ping_status":"closed","template":"","meta":{"footnotes":""},"class_list":["post-25","page","type-page","status-publish","hentry"],"_links":{"self":[{"href":"https:\/\/myraoptika.hu\/index.php\/wp-json\/wp\/v2\/pages\/25","targetHints":{"allow":["GET"]}}],"collection":[{"href":"https:\/\/myraoptika.hu\/index.php\/wp-json\/wp\/v2\/pages"}],"about":[{"href":"https:\/\/myraoptika.hu\/index.php\/wp-json\/wp\/v2\/types\/page"}],"author":[{"embeddable":true,"href":"https:\/\/myraoptika.hu\/index.php\/wp-json\/wp\/v2\/users\/1"}],"replies":[{"embeddable":true,"href":"https:\/\/myraoptika.hu\/index.php\/wp-json\/wp\/v2\/comments?post=25"}],"version-history":[{"count":9,"href":"https:\/\/myraoptika.hu\/index.php\/wp-json\/wp\/v2\/pages\/25\/revisions"}],"predecessor-version":[{"id":140,"href":"https:\/\/myraoptika.hu\/index.php\/wp-json\/wp\/v2\/pages\/25\/revisions\/140"}],"wp:attachment":[{"href":"https:\/\/myraoptika.hu\/index.php\/wp-json\/wp\/v2\/media?parent=25"}],"curies":[{"name":"wp","href":"https:\/\/api.w.org\/{rel}","templated":true}]}}