{"id":27,"date":"2024-12-16T13:07:22","date_gmt":"2024-12-16T13:07:22","guid":{"rendered":"https:\/\/myraoptika.hu\/?page_id=27"},"modified":"2024-12-21T23:16:06","modified_gmt":"2024-12-21T23:16:06","slug":"kapcsolat","status":"publish","type":"page","link":"https:\/\/myraoptika.hu\/index.php\/kapcsolat\/","title":{"rendered":"KAPCSOLAT"},"content":{"rendered":"\n<div id=\"block-840fb7-5fef-48\" class=\"wp-block-gutenbee-image block-840fb7-5fef-48\"><figure class=\"aligncenter size-medium\"><img loading=\"lazy\" decoding=\"async\" width=\"300\" height=\"79\" src=\"https:\/\/myraoptika.hu\/wp-content\/uploads\/2024\/12\/myra_logo-300x79.png\" alt=\"\" class=\"wp-image-89\" style=\"box-shadow:0px 0px 4px 0px  rgba(0,0,0,0.5)\" srcset=\"https:\/\/myraoptika.hu\/wp-content\/uploads\/2024\/12\/myra_logo-300x79.png 300w, https:\/\/myraoptika.hu\/wp-content\/uploads\/2024\/12\/myra_logo.png 328w\" sizes=\"auto, (max-width: 300px) 100vw, 300px\" \/><\/figure><\/div>\n\n\n<h4 style=\"text-align: center;\"><strong>MYRA OPTIKA SZ\u00c9KESFEH\u00c9RV\u00c1R<\/strong><\/h4>\n<h4 style=\"text-align: center;\"><strong>Tel.: 06 (22) 315-729<\/strong><\/h4>\n<h4 style=\"text-align: center;\"><strong>E-mail: myraoptika@myraoptika.hu<\/strong><\/h4>\n\n\n<figure id=\"block-1a8608-a946-4f\" class=\"wp-block-gutenbee-image block-1a8608-a946-4f animated fadeInUp\"><a href=\"https:\/\/www.facebook.com\/MyraOptika.hu\"><img loading=\"lazy\" decoding=\"async\" width=\"256\" height=\"256\" src=\"https:\/\/myraoptika.hu\/wp-content\/uploads\/2024\/12\/image.png\" alt=\"\" class=\"wp-image-151\" srcset=\"https:\/\/myraoptika.hu\/wp-content\/uploads\/2024\/12\/image.png 256w, https:\/\/myraoptika.hu\/wp-content\/uploads\/2024\/12\/image-150x150.png 150w\" sizes=\"auto, (max-width: 256px) 100vw, 256px\" \/><\/a><\/figure>\n","protected":false},"excerpt":{"rendered":"<p>MYRA OPTIKA SZ\u00c9KESFEH\u00c9RV\u00c1R Tel.: 06 (22) 315-729 E-mail: myraoptika@myraoptika.hu<\/p>\n","protected":false},"author":1,"featured_media":0,"parent":0,"menu_order":0,"comment_status":"closed","ping_status":"closed","template":"","meta":{"footnotes":""},"class_list":["post-27","page","type-page","status-publish","hentry"],"_links":{"self":[{"href":"https:\/\/myraoptika.hu\/index.php\/wp-json\/wp\/v2\/pages\/27","targetHints":{"allow":["GET"]}}],"collection":[{"href":"https:\/\/myraoptika.hu\/index.php\/wp-json\/wp\/v2\/pages"}],"about":[{"href":"https:\/\/myraoptika.hu\/index.php\/wp-json\/wp\/v2\/types\/page"}],"author":[{"embeddable":true,"href":"https:\/\/myraoptika.hu\/index.php\/wp-json\/wp\/v2\/users\/1"}],"replies":[{"embeddable":true,"href":"https:\/\/myraoptika.hu\/index.php\/wp-json\/wp\/v2\/comments?post=27"}],"version-history":[{"count":11,"href":"https:\/\/myraoptika.hu\/index.php\/wp-json\/wp\/v2\/pages\/27\/revisions"}],"predecessor-version":[{"id":155,"href":"https:\/\/myraoptika.hu\/index.php\/wp-json\/wp\/v2\/pages\/27\/revisions\/155"}],"wp:attachment":[{"href":"https:\/\/myraoptika.hu\/index.php\/wp-json\/wp\/v2\/media?parent=27"}],"curies":[{"name":"wp","href":"https:\/\/api.w.org\/{rel}","templated":true}]}}