{"id":55,"date":"2024-12-16T13:14:52","date_gmt":"2024-12-16T13:14:52","guid":{"rendered":"https:\/\/myraoptika.hu\/?page_id=55"},"modified":"2024-12-22T00:35:10","modified_gmt":"2024-12-22T00:35:10","slug":"cegadatok","status":"publish","type":"page","link":"https:\/\/myraoptika.hu\/index.php\/cegadatok\/","title":{"rendered":"C\u00c9GADATOK"},"content":{"rendered":"\n<div id=\"block-71f02b-f864-46\" class=\"wp-block-gutenbee-imagebox animated bounceInRight block-71f02b-f864-46 wp-block-gutenbee-imagebox-align-center\" style=\"box-shadow:0px 0px 7px 0px  rgba(0,0,0,0.5)\"><style>.wp-block-gutenbee-imagebox.block-71f02b-f864-46 .wp-block-gutenbee-imagebox-figure img { width: 454px; }<\/style><figure class=\"wp-block-gutenbee-imagebox-figure\"><img decoding=\"async\" src=\"https:\/\/myraoptika.hu\/wp-content\/uploads\/2024\/12\/myra_logo.png\" alt=\"\"\/><\/figure><div class=\"wp-block-gutenbee-imagebox-content\"><\/div><\/div>\n\n\n<h5 style=\"text-align: center;\">-Teljes n\u00e9v: \u00c9LESSZEM Korl\u00e1tolt Felel\u0151ss\u00e9g\u0171 T\u00e1rsas\u00e1g<\/h5>\n<h5 style=\"text-align: center;\">-R\u00f6vid n\u00e9v: \u00c9LESSZEM KFT.<\/h5>\n<h5 style=\"text-align: center;\">-Sz\u00e9khely: 8000 Sz\u00e9kesfeh\u00e9rv\u00e1r, Vir\u00e1g utca 3.<\/h5>\n<h5 style=\"text-align: center;\">-\u00dczlet: 8000 Sz\u00e9kesfeh\u00e9rv\u00e1r, R\u00e1k\u00f3czi utca 14-16.<\/h5>\n<h5 style=\"text-align: center;\">&#8211; C\u00e9gjegyz\u00e9ksz\u00e1m: 07-09-020623<\/h5>\n<h5 style=\"text-align: center;\">-Ad\u00f3sz\u00e1m: 23401237-2-07<\/h5>\n<h5 style=\"text-align: center;\">-K\u00f6z\u00f6ss\u00e9gi ad\u00f3sz\u00e1m: HU23401237<\/h5>\n<h5 style=\"text-align: center;\">-Bank: Kereskedelmi \u00e9s Hitelbank Z\u00e1rtk\u00f6r\u0171en M\u0171k\u00f6d\u0151 R\u00e9szv\u00e9nyt\u00e1rsas\u00e1g<\/h5>\n<h5 style=\"text-align: center;\">-Banksz\u00e1mlasz\u00e1m: 10402908-50526585-50751000<\/h5>\n<h5 style=\"text-align: center;\">-K\u00e9pvisel\u0151: Nagy G\u00e1bor J\u00f3zsef \u00fcgyvezet\u0151<\/h5>","protected":false},"excerpt":{"rendered":"<p>-Teljes n\u00e9v: \u00c9LESSZEM Korl\u00e1tolt Felel\u0151ss\u00e9g\u0171 T\u00e1rsas\u00e1g -R\u00f6vid n\u00e9v: \u00c9LESSZEM KFT. -Sz\u00e9khely: 8000 Sz\u00e9kesfeh\u00e9rv\u00e1r, Vir\u00e1g utca 3. -\u00dczlet: 8000 Sz\u00e9kesfeh\u00e9rv\u00e1r, R\u00e1k\u00f3czi<\/p>\n","protected":false},"author":1,"featured_media":0,"parent":0,"menu_order":0,"comment_status":"closed","ping_status":"closed","template":"","meta":{"footnotes":""},"class_list":["post-55","page","type-page","status-publish","hentry"],"_links":{"self":[{"href":"https:\/\/myraoptika.hu\/index.php\/wp-json\/wp\/v2\/pages\/55","targetHints":{"allow":["GET"]}}],"collection":[{"href":"https:\/\/myraoptika.hu\/index.php\/wp-json\/wp\/v2\/pages"}],"about":[{"href":"https:\/\/myraoptika.hu\/index.php\/wp-json\/wp\/v2\/types\/page"}],"author":[{"embeddable":true,"href":"https:\/\/myraoptika.hu\/index.php\/wp-json\/wp\/v2\/users\/1"}],"replies":[{"embeddable":true,"href":"https:\/\/myraoptika.hu\/index.php\/wp-json\/wp\/v2\/comments?post=55"}],"version-history":[{"count":3,"href":"https:\/\/myraoptika.hu\/index.php\/wp-json\/wp\/v2\/pages\/55\/revisions"}],"predecessor-version":[{"id":201,"href":"https:\/\/myraoptika.hu\/index.php\/wp-json\/wp\/v2\/pages\/55\/revisions\/201"}],"wp:attachment":[{"href":"https:\/\/myraoptika.hu\/index.php\/wp-json\/wp\/v2\/media?parent=55"}],"curies":[{"name":"wp","href":"https:\/\/api.w.org\/{rel}","templated":true}]}}