{"id":59,"date":"2024-12-17T09:14:04","date_gmt":"2024-12-17T09:14:04","guid":{"rendered":"https:\/\/myraoptika.hu\/?page_id=59"},"modified":"2024-12-22T14:41:13","modified_gmt":"2024-12-22T14:41:13","slug":"cookies-tajekoztato","status":"publish","type":"page","link":"https:\/\/myraoptika.hu\/index.php\/cookies-tajekoztato\/","title":{"rendered":"COOKIES T\u00c1J\u00c9KOZTAT\u00d3"},"content":{"rendered":"<p><strong>Mit t\u00f6rt\u00e9nik a COOKIE elfogad\u00e1sakor!? Az elfogad\u00e1ssal al\u00e1bbiakat enged\u00e9lyezi:<\/strong><\/p>\n<p><strong>\u2013 Biztons\u00e1gos bejelentkez\u00e9s, bejelentkez\u00e9si adatok megjegyz\u00e9se<\/strong><\/p>\n<p><strong>\u2013 Feladatok, tranzakci\u00f3k folyamat\u00e1nak megjegyz\u00e9se<\/strong><\/p>\n<p><strong>\u2013 Statisztikai c\u00e9l\u00fa webanalitikai m\u00e9r\u00e9sek<\/strong><\/p>\n<p><strong>\u2013 Eml\u00e9keztet\u0151 k\u00fcld\u00e9se a kos\u00e1rba helyezett term\u00e9kekr\u0151l<\/strong><\/p>\n<p><strong>\u2013 Hirdet\u00e9sek megjelen\u00edt\u00e9se az oldalon<\/strong><\/p>\n<p><strong>\u2013 \u00c9rdekl\u0151d\u00e9si k\u00f6r\u00e9nek megfelel\u0151 hirdet\u00e9sek (remarketing) megjelen\u00edt\u00e9se a weboldalon k\u00edv\u00fcl (pl. k\u00f6z\u00f6ss\u00e9gi oldalak)<\/strong><\/p>\n<p><strong>\u2013 Oldal-haszn\u00e1lat elemz\u00e9s\u00e9t annak \u00e9rdek\u00e9ben, hogy testreszabott tartalmat jelen\u00edts\u00fcnk meg a weboldalon<\/strong><\/p>\n<p><strong>\u2013 Az \u00c9LESSZEM KFT. weboldalain m\u00e9rt oldal-haszn\u00e1lat elemz\u00e9sek, aktivit\u00e1sok felhaszn\u00e1l\u00e1sa annak \u00e9rdek\u00e9ben, hogy szem\u00e9lyre sz\u00f3l\u00f3 aj\u00e1nlatokkal kereshess\u00fck meg a megadott el\u00e9rhet\u0151s\u00e9gein (amennyiben \u00d6n megadott ilyen el\u00e9rhet\u0151s\u00e9get pl. regisztr\u00e1ci\u00f3 sor\u00e1n)<\/strong><\/p>\n<p><strong>A cookie be\u00e1ll\u00edt\u00e1sokat b\u00e1rmikor megv\u00e1ltoztathatja a b\u00f6ng\u00e9sz\u0151j\u00e9ben (Firefox, Chrome, Safari, Internet Explorer, Microsoft Edge) is.<\/strong><\/p>\n\n\n<p><\/p>\n","protected":false},"excerpt":{"rendered":"<p>Mit t\u00f6rt\u00e9nik a COOKIE elfogad\u00e1sakor!? Az elfogad\u00e1ssal al\u00e1bbiakat enged\u00e9lyezi: \u2013 Biztons\u00e1gos bejelentkez\u00e9s, bejelentkez\u00e9si adatok megjegyz\u00e9se \u2013 Feladatok, tranzakci\u00f3k folyamat\u00e1nak megjegyz\u00e9se<\/p>\n","protected":false},"author":1,"featured_media":0,"parent":0,"menu_order":0,"comment_status":"closed","ping_status":"closed","template":"","meta":{"footnotes":""},"class_list":["post-59","page","type-page","status-publish","hentry"],"_links":{"self":[{"href":"https:\/\/myraoptika.hu\/index.php\/wp-json\/wp\/v2\/pages\/59","targetHints":{"allow":["GET"]}}],"collection":[{"href":"https:\/\/myraoptika.hu\/index.php\/wp-json\/wp\/v2\/pages"}],"about":[{"href":"https:\/\/myraoptika.hu\/index.php\/wp-json\/wp\/v2\/types\/page"}],"author":[{"embeddable":true,"href":"https:\/\/myraoptika.hu\/index.php\/wp-json\/wp\/v2\/users\/1"}],"replies":[{"embeddable":true,"href":"https:\/\/myraoptika.hu\/index.php\/wp-json\/wp\/v2\/comments?post=59"}],"version-history":[{"count":3,"href":"https:\/\/myraoptika.hu\/index.php\/wp-json\/wp\/v2\/pages\/59\/revisions"}],"predecessor-version":[{"id":202,"href":"https:\/\/myraoptika.hu\/index.php\/wp-json\/wp\/v2\/pages\/59\/revisions\/202"}],"wp:attachment":[{"href":"https:\/\/myraoptika.hu\/index.php\/wp-json\/wp\/v2\/media?parent=59"}],"curies":[{"name":"wp","href":"https:\/\/api.w.org\/{rel}","templated":true}]}}