{"id":6,"date":"2024-12-16T12:38:36","date_gmt":"2024-12-16T12:38:36","guid":{"rendered":"https:\/\/myraoptika.hu\/?page_id=6"},"modified":"2025-06-23T08:43:21","modified_gmt":"2025-06-23T08:43:21","slug":"fooldal","status":"publish","type":"page","link":"https:\/\/myraoptika.hu\/","title":{"rendered":"F\u0150OLDAL"},"content":{"rendered":"<h1 style=\"text-align: center;\">Myra Optika Sz\u00e9kesfeh\u00e9rv\u00e1r<\/h1>\n<h4 style=\"text-align: center;\">Szem\u00fcveg, napszem\u00fcveg, kontaktlencse, szemvizsg\u00e1lat egy helyen. Szem\u00e9lyre szabott kiszolg\u00e1l\u00e1s, bar\u00e1ts\u00e1gos k\u00f6rnyezetben.<\/h4>\n<h4 style=\"text-align: center;\"><strong>NYITVATART\u00c1S:<\/strong><\/h4>\n<h4 style=\"text-align: center;\"><strong>H\u00e9tf\u0151t\u0151l p\u00e9ntekig 9:00-17:30-ig., Szombaton 9:00-12:00-ig.<\/strong><\/h4>\n<h4>\u00a0<\/h4>\n\n\n<\/strong><\/h4>\r\n<h4 style=\"text-align: center;\">\u00a0<\/h4>\n","protected":false},"excerpt":{"rendered":"<p>Myra Optika Sz\u00e9kesfeh\u00e9rv\u00e1r Szem\u00fcveg, napszem\u00fcveg, kontaktlencse, szemvizsg\u00e1lat egy helyen. Szem\u00e9lyre szabott kiszolg\u00e1l\u00e1s, bar\u00e1ts\u00e1gos k\u00f6rnyezetben. NYITVATART\u00c1S: H\u00e9tf\u0151t\u0151l p\u00e9ntekig 9:00-17:30-ig., Szombaton 9:00-12:00-ig.<\/p>\n","protected":false},"author":1,"featured_media":0,"parent":0,"menu_order":0,"comment_status":"closed","ping_status":"closed","template":"","meta":{"footnotes":""},"class_list":["post-6","page","type-page","status-publish","hentry"],"_links":{"self":[{"href":"https:\/\/myraoptika.hu\/index.php\/wp-json\/wp\/v2\/pages\/6","targetHints":{"allow":["GET"]}}],"collection":[{"href":"https:\/\/myraoptika.hu\/index.php\/wp-json\/wp\/v2\/pages"}],"about":[{"href":"https:\/\/myraoptika.hu\/index.php\/wp-json\/wp\/v2\/types\/page"}],"author":[{"embeddable":true,"href":"https:\/\/myraoptika.hu\/index.php\/wp-json\/wp\/v2\/users\/1"}],"replies":[{"embeddable":true,"href":"https:\/\/myraoptika.hu\/index.php\/wp-json\/wp\/v2\/comments?post=6"}],"version-history":[{"count":9,"href":"https:\/\/myraoptika.hu\/index.php\/wp-json\/wp\/v2\/pages\/6\/revisions"}],"predecessor-version":[{"id":207,"href":"https:\/\/myraoptika.hu\/index.php\/wp-json\/wp\/v2\/pages\/6\/revisions\/207"}],"wp:attachment":[{"href":"https:\/\/myraoptika.hu\/index.php\/wp-json\/wp\/v2\/media?parent=6"}],"curies":[{"name":"wp","href":"https:\/\/api.w.org\/{rel}","templated":true}]}}